{"id":1431,"date":"2021-06-13T19:46:25","date_gmt":"2021-06-13T17:46:25","guid":{"rendered":"https:\/\/www.velonaut.be\/velos\/velos-enfants\/"},"modified":"2025-06-23T20:06:54","modified_gmt":"2025-06-23T18:06:54","slug":"velos-enfants","status":"publish","type":"page","link":"https:\/\/www.velonaut.be\/fr\/velos\/velos-enfants\/","title":{"rendered":"V\u00e9los enfants"},"content":{"rendered":"\t\t<div data-elementor-type=\"wp-page\" data-elementor-id=\"1431\" class=\"elementor elementor-1431 elementor-485\" data-elementor-post-type=\"page\">\n\t\t\t\t\t\t<section class=\"elementor-section elementor-top-section elementor-element elementor-element-92f61d9 elementor-section-boxed elementor-section-height-default elementor-section-height-default\" data-id=\"92f61d9\" data-element_type=\"section\" data-e-type=\"section\">\n\t\t\t\t\t\t<div class=\"elementor-container elementor-column-gap-default\">\n\t\t\t\t\t<div class=\"elementor-column elementor-col-100 elementor-top-column elementor-element elementor-element-6a76e4e\" data-id=\"6a76e4e\" data-element_type=\"column\" data-e-type=\"column\" data-settings=\"{&quot;background_background&quot;:&quot;classic&quot;}\">\n\t\t\t<div class=\"elementor-widget-wrap elementor-element-populated\">\n\t\t\t\t\t\t<div class=\"elementor-element elementor-element-4f61abe elementor-widget elementor-widget-spacer\" data-id=\"4f61abe\" data-element_type=\"widget\" data-e-type=\"widget\" data-widget_type=\"spacer.default\">\n\t\t\t\t\t\t\t<div class=\"elementor-spacer\">\n\t\t\t<div class=\"elementor-spacer-inner\"><\/div>\n\t\t<\/div>\n\t\t\t\t\t\t<\/div>\n\t\t\t\t<div class=\"elementor-element elementor-element-fa7afa3 elementor-widget elementor-widget-heading\" data-id=\"fa7afa3\" data-element_type=\"widget\" data-e-type=\"widget\" data-widget_type=\"heading.default\">\n\t\t\t\t\t<h1 class=\"elementor-heading-title elementor-size-default\">V\u00e9los enfants<\/h1>\t\t\t\t<\/div>\n\t\t\t\t<div class=\"elementor-element elementor-element-6a771c1 elementor-widget elementor-widget-spacer\" data-id=\"6a771c1\" data-element_type=\"widget\" data-e-type=\"widget\" data-widget_type=\"spacer.default\">\n\t\t\t\t\t\t\t<div class=\"elementor-spacer\">\n\t\t\t<div class=\"elementor-spacer-inner\"><\/div>\n\t\t<\/div>\n\t\t\t\t\t\t<\/div>\n\t\t\t\t\t<\/div>\n\t\t<\/div>\n\t\t\t\t\t<\/div>\n\t\t<\/section>\n\t\t<div class=\"elementor-element elementor-element-11a643d e-flex e-con-boxed e-con e-parent\" data-id=\"11a643d\" data-element_type=\"container\" data-e-type=\"container\" data-settings=\"{&quot;background_background&quot;:&quot;classic&quot;}\">\n\t\t\t\t\t<div class=\"e-con-inner\">\n\t\t<div class=\"elementor-element elementor-element-183b12e e-con-full e-flex e-con e-child\" data-id=\"183b12e\" data-element_type=\"container\" data-e-type=\"container\">\n\t\t\t\t<div class=\"elementor-element elementor-element-1cc65d6 elementor-widget elementor-widget-heading\" data-id=\"1cc65d6\" data-element_type=\"widget\" data-e-type=\"widget\" data-widget_type=\"heading.default\">\n\t\t\t\t\t<h2 class=\"elementor-heading-title elementor-size-default\">V\u00e9los enfants<\/h2>\t\t\t\t<\/div>\n\t\t\t\t<div class=\"elementor-element elementor-element-dff2c50 elementor-widget elementor-widget-text-editor\" data-id=\"dff2c50\" data-element_type=\"widget\" data-e-type=\"widget\" data-widget_type=\"text-editor.default\">\n\t\t\t\t\t\t\t\t\t<p>Un bon v\u00e9lo pour enfant ne doit pas seulement \u00eatre adapt\u00e9 \u00e0 la taille de votre enfant, mais aussi \u00eatre l\u00e9ger, maniable et facile \u00e0 utiliser. C\u2019est ainsi que le v\u00e9lo devient vraiment amusant.<\/p>\n<p>Pour les tout-petits, la draisienne est l\u2019\u00e9tape id\u00e9ale pour d\u00e9buter. En jouant, ils apprennent \u00e0 garder leur \u00e9quilibre et gagnent rapidement en confiance sur deux roues.<\/p>\n\t\t\t\t\t\t\t\t<\/div>\n\t\t\t\t<\/div>\n\t\t<div class=\"elementor-element elementor-element-ce87f02 e-con-full e-flex e-con e-child\" data-id=\"ce87f02\" data-element_type=\"container\" data-e-type=\"container\">\n\t\t\t\t<div class=\"elementor-element elementor-element-1a5d644 elementor-arrows-position-inside elementor-pagination-position-outside elementor-widget elementor-widget-image-carousel\" data-id=\"1a5d644\" data-element_type=\"widget\" data-e-type=\"widget\" data-settings=\"{&quot;slides_to_show&quot;:&quot;1&quot;,&quot;navigation&quot;:&quot;both&quot;,&quot;autoplay&quot;:&quot;yes&quot;,&quot;pause_on_hover&quot;:&quot;yes&quot;,&quot;pause_on_interaction&quot;:&quot;yes&quot;,&quot;autoplay_speed&quot;:5000,&quot;infinite&quot;:&quot;yes&quot;,&quot;effect&quot;:&quot;slide&quot;,&quot;speed&quot;:500}\" data-widget_type=\"image-carousel.default\">\n\t\t\t\t\t\t\t<div class=\"elementor-image-carousel-wrapper swiper\" role=\"region\" aria-roledescription=\"carousel\" aria-label=\"Afbeelding carrousel\" dir=\"ltr\">\n\t\t\t<div class=\"elementor-image-carousel swiper-wrapper swiper-image-stretch\" aria-live=\"off\">\n\t\t\t\t\t\t\t\t<div class=\"swiper-slide\" role=\"group\" aria-roledescription=\"slide\" aria-label=\"1 sur 4\"><figure class=\"swiper-slide-inner\"><img decoding=\"async\" class=\"swiper-slide-image\" src=\"https:\/\/www.velonaut.be\/wp-content\/uploads\/2025\/06\/Kokua_Jumper_Ocean-Blue-768x576.jpg\" alt=\"Kokua_Jumper_Ocean Blue\" \/><\/figure><\/div><div class=\"swiper-slide\" role=\"group\" aria-roledescription=\"slide\" aria-label=\"2 sur 4\"><figure class=\"swiper-slide-inner\"><img decoding=\"async\" class=\"swiper-slide-image\" src=\"https:\/\/www.velonaut.be\/wp-content\/uploads\/2025\/06\/Kokua_jumper_red-768x768.jpg\" alt=\"Kokua_jumper_red\" \/><\/figure><\/div><div class=\"swiper-slide\" role=\"group\" aria-roledescription=\"slide\" aria-label=\"3 sur 4\"><figure class=\"swiper-slide-inner\"><img decoding=\"async\" class=\"swiper-slide-image\" src=\"https:\/\/www.velonaut.be\/wp-content\/uploads\/2025\/06\/Kokua_LiketoBike-20_Moongrey-768x512.jpg\" alt=\"Kokua_LiketoBike 20_Moongrey\" \/><\/figure><\/div><div class=\"swiper-slide\" role=\"group\" aria-roledescription=\"slide\" aria-label=\"4 sur 4\"><figure class=\"swiper-slide-inner\"><img decoding=\"async\" class=\"swiper-slide-image\" src=\"https:\/\/www.velonaut.be\/wp-content\/uploads\/2025\/06\/Kokua_LiketoBike-24_Red-768x576.jpg\" alt=\"Kokua_LiketoBike 24_Red\" \/><\/figure><\/div>\t\t\t<\/div>\n\t\t\t\t\t\t\t\t\t\t\t\t<div class=\"elementor-swiper-button elementor-swiper-button-prev\" role=\"button\" tabindex=\"0\">\n\t\t\t\t\t\t<svg aria-hidden=\"true\" class=\"e-font-icon-svg e-eicon-chevron-left\" viewBox=\"0 0 1000 1000\" xmlns=\"http:\/\/www.w3.org\/2000\/svg\"><path d=\"M646 125C629 125 613 133 604 142L308 442C296 454 292 471 292 487 292 504 296 521 308 533L604 854C617 867 629 875 646 875 663 875 679 871 692 858 704 846 713 829 713 812 713 796 708 779 692 767L438 487 692 225C700 217 708 204 708 187 708 171 704 154 692 142 675 129 663 125 646 125Z\"><\/path><\/svg>\t\t\t\t\t<\/div>\n\t\t\t\t\t<div class=\"elementor-swiper-button elementor-swiper-button-next\" role=\"button\" tabindex=\"0\">\n\t\t\t\t\t\t<svg aria-hidden=\"true\" class=\"e-font-icon-svg e-eicon-chevron-right\" viewBox=\"0 0 1000 1000\" xmlns=\"http:\/\/www.w3.org\/2000\/svg\"><path d=\"M696 533C708 521 713 504 713 487 713 471 708 454 696 446L400 146C388 133 375 125 354 125 338 125 325 129 313 142 300 154 292 171 292 187 292 204 296 221 308 233L563 492 304 771C292 783 288 800 288 817 288 833 296 850 308 863 321 871 338 875 354 875 371 875 388 867 400 854L696 533Z\"><\/path><\/svg>\t\t\t\t\t<\/div>\n\t\t\t\t\n\t\t\t\t\t\t\t\t\t<div class=\"swiper-pagination\"><\/div>\n\t\t\t\t\t\t\t\t\t<\/div>\n\t\t\t\t\t\t<\/div>\n\t\t\t\t<\/div>\n\t\t\t\t\t<\/div>\n\t\t\t\t<\/div>\n\t\t\t\t<section class=\"elementor-section elementor-top-section elementor-element elementor-element-3ce8477 elementor-section-boxed elementor-section-height-default elementor-section-height-default\" data-id=\"3ce8477\" data-element_type=\"section\" data-e-type=\"section\">\n\t\t\t\t\t\t<div class=\"elementor-container elementor-column-gap-default\">\n\t\t\t\t\t<div class=\"elementor-column elementor-col-100 elementor-top-column elementor-element elementor-element-e201478\" data-id=\"e201478\" data-element_type=\"column\" data-e-type=\"column\">\n\t\t\t<div class=\"elementor-widget-wrap elementor-element-populated\">\n\t\t\t\t\t\t<div class=\"elementor-element elementor-element-2c65b7a elementor-widget elementor-widget-heading\" data-id=\"2c65b7a\" data-element_type=\"widget\" data-e-type=\"widget\" data-widget_type=\"heading.default\">\n\t\t\t\t\t<h2 class=\"elementor-heading-title elementor-size-default\">Nos marques<\/h2>\t\t\t\t<\/div>\n\t\t\t\t\t<\/div>\n\t\t<\/div>\n\t\t\t\t\t<\/div>\n\t\t<\/section>\n\t\t\t\t<section class=\"elementor-section elementor-top-section elementor-element elementor-element-e34c5e0 elementor-section-boxed elementor-section-height-default elementor-section-height-default\" data-id=\"e34c5e0\" data-element_type=\"section\" data-e-type=\"section\" data-settings=\"{&quot;background_background&quot;:&quot;classic&quot;}\">\n\t\t\t\t\t\t<div class=\"elementor-container elementor-column-gap-wide\">\n\t\t\t\t\t<div class=\"elementor-column elementor-col-50 elementor-top-column elementor-element elementor-element-9b244c4\" data-id=\"9b244c4\" data-element_type=\"column\" data-e-type=\"column\">\n\t\t\t<div class=\"elementor-widget-wrap elementor-element-populated\">\n\t\t\t\t\t\t<div class=\"elementor-element elementor-element-241d1fc elementor-widget elementor-widget-image\" data-id=\"241d1fc\" data-element_type=\"widget\" data-e-type=\"widget\" data-widget_type=\"image.default\">\n\t\t\t\t\t\t\t\t\t\t\t\t\t\t\t\t<a href=\"https:\/\/kokua.be\">\n\t\t\t\t\t\t\t<img fetchpriority=\"high\" decoding=\"async\" width=\"768\" height=\"168\" src=\"https:\/\/www.velonaut.be\/wp-content\/uploads\/2025\/06\/kokua1-768x168.jpg\" class=\"attachment-medium_large size-medium_large wp-image-4350\" alt=\"\" srcset=\"https:\/\/www.velonaut.be\/wp-content\/uploads\/2025\/06\/kokua1-768x168.jpg 768w, https:\/\/www.velonaut.be\/wp-content\/uploads\/2025\/06\/kokua1-300x66.jpg 300w, https:\/\/www.velonaut.be\/wp-content\/uploads\/2025\/06\/kokua1-1024x224.jpg 1024w, https:\/\/www.velonaut.be\/wp-content\/uploads\/2025\/06\/kokua1-600x132.jpg 600w, https:\/\/www.velonaut.be\/wp-content\/uploads\/2025\/06\/kokua1.jpg 1300w\" sizes=\"(max-width: 768px) 100vw, 768px\" \/>\t\t\t\t\t\t\t\t<\/a>\n\t\t\t\t\t\t\t\t\t\t\t\t\t\t\t<\/div>\n\t\t\t\t<div class=\"elementor-element elementor-element-7f97cd5 elementor-widget elementor-widget-heading\" data-id=\"7f97cd5\" data-element_type=\"widget\" data-e-type=\"widget\" data-widget_type=\"heading.default\">\n\t\t\t\t\t<h3 class=\"elementor-heading-title elementor-size-default\">Kokua<\/h3>\t\t\t\t<\/div>\n\t\t\t\t<div class=\"elementor-element elementor-element-dfe77e2 elementor-widget elementor-widget-text-editor\" data-id=\"dfe77e2\" data-element_type=\"widget\" data-e-type=\"widget\" data-widget_type=\"text-editor.default\">\n\t\t\t\t\t\t\t\t\t<p>Draisiennes et v\u00e9los enfants de fabrication allemande. L\u00e9ger, unisex, solide et disponible en plusieurs couleurs. Des v\u00e9los qui peuvent \u00eatre pass\u00e9s au fr\u00e8re ou s\u0153ur junior.<\/p>\n\t\t\t\t\t\t\t\t<\/div>\n\t\t\t\t\t<\/div>\n\t\t<\/div>\n\t\t\t\t<div class=\"elementor-column elementor-col-50 elementor-top-column elementor-element elementor-element-e71f8b1\" data-id=\"e71f8b1\" data-element_type=\"column\" data-e-type=\"column\">\n\t\t\t<div class=\"elementor-widget-wrap\">\n\t\t\t\t\t\t\t<\/div>\n\t\t<\/div>\n\t\t\t\t\t<\/div>\n\t\t<\/section>\n\t\t<div class=\"elementor-element elementor-element-a8186bd e-flex e-con-boxed e-con e-parent\" data-id=\"a8186bd\" data-element_type=\"container\" data-e-type=\"container\" data-settings=\"{&quot;background_background&quot;:&quot;classic&quot;}\">\n\t\t\t\t\t<div class=\"e-con-inner\">\n\t\t\t\t<div class=\"elementor-element elementor-element-ac24c99 elementor-widget elementor-widget-heading\" data-id=\"ac24c99\" data-element_type=\"widget\" data-e-type=\"widget\" data-widget_type=\"heading.default\">\n\t\t\t\t\t<h2 class=\"elementor-heading-title elementor-size-default\">V\u00e9los enfants disponibles<\/h2>\t\t\t\t<\/div>\n\t\t\t\t<div class=\"elementor-element elementor-element-d12633a elementor-widget elementor-widget-text-editor\" data-id=\"d12633a\" data-element_type=\"widget\" data-e-type=\"widget\" data-widget_type=\"text-editor.default\">\n\t\t\t\t\t\t\t\t\t<p>Voici nos v\u00e9los enfants disponibles.<\/p>\n\t\t\t\t\t\t\t\t<\/div>\n\t\t\t\t<div class=\"elementor-element elementor-element-b669b59 pp-woo--align-left pp-woo-slider-arrow-outside elementor-widget elementor-widget-pp-woo-products\" data-id=\"b669b59\" data-element_type=\"widget\" data-e-type=\"widget\" data-settings=\"{&quot;arrows&quot;:&quot;yes&quot;,&quot;carousel_pagination&quot;:&quot;yes&quot;}\" data-widget_type=\"pp-woo-products.skin-3\">\n\t\t\t\t\t<div class=\"pp-woocommerce pp-woo-products-slider pp-woo-skin-skin-3 pp-woo-query-custom swiper-container-wrap swiper-container-wrap-dots-outside\" data-page=\"1431\" data-skin=\"skin-3\" data-product-id=\"0\" data-woo_slider=\"{&quot;direction&quot;:&quot;horizontal&quot;,&quot;slidesPerView&quot;:4,&quot;slidesPerGroup&quot;:1,&quot;speed&quot;:400,&quot;spaceBetween&quot;:20,&quot;loop&quot;:true,&quot;disableOnInteraction&quot;:true,&quot;autoHeight&quot;:true,&quot;watchSlidesVisibility&quot;:true,&quot;observer&quot;:true,&quot;observeParents&quot;:true,&quot;autoplay&quot;:{&quot;delay&quot;:999999},&quot;navigation&quot;:{&quot;nextEl&quot;:&quot;.swiper-button-next-b669b59&quot;,&quot;prevEl&quot;:&quot;.swiper-button-prev-b669b59&quot;},&quot;pagination&quot;:{&quot;el&quot;:&quot;.swiper-pagination-b669b59&quot;,&quot;clickable&quot;:true},&quot;breakpoints&quot;:{&quot;1025&quot;:{&quot;slidesPerView&quot;:4,&quot;slidesPerGroup&quot;:1,&quot;spaceBetween&quot;:20},&quot;768&quot;:{&quot;slidesPerView&quot;:3,&quot;slidesPerGroup&quot;:1,&quot;spaceBetween&quot;:10},&quot;320&quot;:{&quot;slidesPerView&quot;:1,&quot;slidesPerGroup&quot;:1,&quot;spaceBetween&quot;:10}}}\"><div class=\"pp-woo-products-inner pp-woo-product__column-4 pp-woo-product__column-tablet-3 pp-woo-product__column-mobile-1 pp-swiper-slider swiper\"><ul class=\"products swiper-wrapper columns-4\">\n<li class=\"swiper-slide post-3410 product type-product status-publish has-post-thumbnail product_cat-velos-pour-enfants  instock shipping-taxable purchasable product-type-simple\">\n\t<div class=\"pp-woo-product-wrapper\">\n\t\t<div class=\"pp-woo-products-thumbnail-wrap\"><a href=\"https:\/\/www.velonaut.be\/fr\/produit\/kokua-like-to-bike-20\/\" class=\"woocommerce-LoopProduct-link woocommerce-loop-product__link\"><img decoding=\"async\" width=\"200\" height=\"150\" src=\"https:\/\/www.velonaut.be\/wp-content\/uploads\/2024\/03\/Kokua-20-_-Ocean-Blue.jpg\" class=\"attachment-200x300 size-200x300\" alt=\"Kokua Like to Bike 20&quot;\" srcset=\"https:\/\/www.velonaut.be\/wp-content\/uploads\/2024\/03\/Kokua-20-_-Ocean-Blue.jpg 2000w, https:\/\/www.velonaut.be\/wp-content\/uploads\/2024\/03\/Kokua-20-_-Ocean-Blue-300x225.jpg 300w, https:\/\/www.velonaut.be\/wp-content\/uploads\/2024\/03\/Kokua-20-_-Ocean-Blue-1024x768.jpg 1024w, https:\/\/www.velonaut.be\/wp-content\/uploads\/2024\/03\/Kokua-20-_-Ocean-Blue-768x576.jpg 768w, https:\/\/www.velonaut.be\/wp-content\/uploads\/2024\/03\/Kokua-20-_-Ocean-Blue-1536x1152.jpg 1536w, https:\/\/www.velonaut.be\/wp-content\/uploads\/2024\/03\/Kokua-20-_-Ocean-Blue-600x450.jpg 600w\" sizes=\"(max-width: 200px) 100vw, 200px\" \/><\/a><div class=\"pp-product-actions\"><\/div><\/div><div class=\"pp-woo-products-summary-wrap\"><a href=\"https:\/\/www.velonaut.be\/fr\/produit\/kokua-like-to-bike-20\/\" class=\"pp-loop-product__link\"><h2 class=\"woocommerce-loop-product__title\">Kokua Like to Bike 20&Prime;<\/h2><\/a>\n\t<span class=\"price\"><span class=\"woocommerce-Price-amount amount\"><bdi><span class=\"woocommerce-Price-currencySymbol\">&euro;<\/span>552,00<\/bdi><\/span><\/span>\n<\/div>\t<\/div>\n<\/li>\n<li class=\"swiper-slide post-3254 product type-product status-publish has-post-thumbnail product_cat-velos-pour-enfants last instock shipping-taxable purchasable product-type-simple\">\n\t<div class=\"pp-woo-product-wrapper\">\n\t\t<div class=\"pp-woo-products-thumbnail-wrap\"><a href=\"https:\/\/www.velonaut.be\/fr\/produit\/kokua-like-to-bike-16\/\" class=\"woocommerce-LoopProduct-link woocommerce-loop-product__link\"><img decoding=\"async\" width=\"200\" height=\"150\" src=\"https:\/\/www.velonaut.be\/wp-content\/uploads\/2023\/05\/Kokua-16_-ocean-blue.jpg\" class=\"attachment-200x300 size-200x300\" alt=\"Kokua - Like to Bike 16&quot;\" srcset=\"https:\/\/www.velonaut.be\/wp-content\/uploads\/2023\/05\/Kokua-16_-ocean-blue.jpg 2000w, https:\/\/www.velonaut.be\/wp-content\/uploads\/2023\/05\/Kokua-16_-ocean-blue-300x225.jpg 300w, https:\/\/www.velonaut.be\/wp-content\/uploads\/2023\/05\/Kokua-16_-ocean-blue-1024x768.jpg 1024w, https:\/\/www.velonaut.be\/wp-content\/uploads\/2023\/05\/Kokua-16_-ocean-blue-768x576.jpg 768w, https:\/\/www.velonaut.be\/wp-content\/uploads\/2023\/05\/Kokua-16_-ocean-blue-1536x1152.jpg 1536w, https:\/\/www.velonaut.be\/wp-content\/uploads\/2023\/05\/Kokua-16_-ocean-blue-600x450.jpg 600w\" sizes=\"(max-width: 200px) 100vw, 200px\" \/><\/a><div class=\"pp-product-actions\"><\/div><\/div><div class=\"pp-woo-products-summary-wrap\"><a href=\"https:\/\/www.velonaut.be\/fr\/produit\/kokua-like-to-bike-16\/\" class=\"pp-loop-product__link\"><h2 class=\"woocommerce-loop-product__title\">Kokua &#8211; Like to Bike 16&Prime;<\/h2><\/a>\n\t<span class=\"price\"><span class=\"woocommerce-Price-amount amount\"><bdi><span class=\"woocommerce-Price-currencySymbol\">&euro;<\/span>430,00<\/bdi><\/span><\/span>\n<\/div>\t<\/div>\n<\/li>\n<li class=\"swiper-slide post-3246 product type-product status-publish has-post-thumbnail product_cat-kinderfietsen  instock shipping-taxable purchasable product-type-simple\">\n\t<div class=\"pp-woo-product-wrapper\">\n\t\t<div class=\"pp-woo-products-thumbnail-wrap\"><a href=\"https:\/\/www.velonaut.be\/produit\/kokua-like-to-bike-24\/\" class=\"woocommerce-LoopProduct-link woocommerce-loop-product__link\"><img loading=\"lazy\" decoding=\"async\" width=\"200\" height=\"150\" src=\"https:\/\/www.velonaut.be\/wp-content\/uploads\/2023\/05\/Kokua-24_red.jpg\" class=\"attachment-200x300 size-200x300\" alt=\"Kokua - Like to Bike 24&quot;\" srcset=\"https:\/\/www.velonaut.be\/wp-content\/uploads\/2023\/05\/Kokua-24_red.jpg 2000w, https:\/\/www.velonaut.be\/wp-content\/uploads\/2023\/05\/Kokua-24_red-300x225.jpg 300w, https:\/\/www.velonaut.be\/wp-content\/uploads\/2023\/05\/Kokua-24_red-1024x768.jpg 1024w, https:\/\/www.velonaut.be\/wp-content\/uploads\/2023\/05\/Kokua-24_red-768x576.jpg 768w, https:\/\/www.velonaut.be\/wp-content\/uploads\/2023\/05\/Kokua-24_red-1536x1152.jpg 1536w, https:\/\/www.velonaut.be\/wp-content\/uploads\/2023\/05\/Kokua-24_red-600x450.jpg 600w\" sizes=\"(max-width: 200px) 100vw, 200px\" \/><\/a><div class=\"pp-product-actions\"><\/div><\/div><div class=\"pp-woo-products-summary-wrap\"><a href=\"https:\/\/www.velonaut.be\/produit\/kokua-like-to-bike-24\/\" class=\"pp-loop-product__link\"><h2 class=\"woocommerce-loop-product__title\">Kokua &#8211; Like to Bike 24&Prime;<\/h2><\/a>\n\t<span class=\"price\"><span class=\"woocommerce-Price-amount amount\"><bdi><span class=\"woocommerce-Price-currencySymbol\">&euro;<\/span>709,00<\/bdi><\/span><\/span>\n<\/div>\t<\/div>\n<\/li>\n<\/ul>\n<\/div>\t\t\t<!-- Add Pagination -->\n\t\t\t<div class=\"swiper-pagination swiper-pagination-b669b59\"><\/div>\n\t\t\t\t\t\t\t<div class=\"pp-slider-arrow elementor-swiper-button-prev swiper-button-prev-b669b59\">\n\t\t\t\t\t<svg aria-hidden=\"true\" class=\"e-font-icon-svg e-fas-angle-left\" viewBox=\"0 0 256 512\" xmlns=\"http:\/\/www.w3.org\/2000\/svg\"><path d=\"M31.7 239l136-136c9.4-9.4 24.6-9.4 33.9 0l22.6 22.6c9.4 9.4 9.4 24.6 0 33.9L127.9 256l96.4 96.4c9.4 9.4 9.4 24.6 0 33.9L201.7 409c-9.4 9.4-24.6 9.4-33.9 0l-136-136c-9.5-9.4-9.5-24.6-.1-34z\"><\/path><\/svg>\t\t\t\t<\/div>\n\t\t\t\t<div class=\"pp-slider-arrow elementor-swiper-button-next swiper-button-next-b669b59\">\n\t\t\t\t\t<svg aria-hidden=\"true\" class=\"e-font-icon-svg e-fas-angle-right\" viewBox=\"0 0 256 512\" xmlns=\"http:\/\/www.w3.org\/2000\/svg\"><path d=\"M224.3 273l-136 136c-9.4 9.4-24.6 9.4-33.9 0l-22.6-22.6c-9.4-9.4-9.4-24.6 0-33.9l96.4-96.4-96.4-96.4c-9.4-9.4-9.4-24.6 0-33.9L54.3 103c9.4-9.4 24.6-9.4 33.9 0l136 136c9.5 9.4 9.5 24.6.1 34z\"><\/path><\/svg>\t\t\t\t<\/div>\n\t\t\t<\/div>\t\t\t\t<\/div>\n\t\t\t\t\t<\/div>\n\t\t\t\t<\/div>\n\t\t\t\t<\/div>\n\t\t","protected":false},"excerpt":{"rendered":"<p>Un bon v\u00e9lo pour enfant ne doit pas seulement \u00eatre adapt\u00e9 \u00e0 la taille de votre enfant, mais aussi \u00eatre l\u00e9ger, maniable et facile \u00e0 utiliser. C\u2019est ainsi que le v\u00e9lo devient vraiment amusant. Pour les tout-petits, la draisienne est l\u2019\u00e9tape id\u00e9ale pour d\u00e9buter. En jouant, ils apprennent \u00e0 garder leur \u00e9quilibre et gagnent rapidement [&hellip;]<\/p>\n","protected":false},"author":1,"featured_media":0,"parent":1417,"menu_order":0,"comment_status":"closed","ping_status":"closed","template":"","meta":{"_acf_changed":false,"_mi_skip_tracking":false,"footnotes":""},"class_list":["post-1431","page","type-page","status-publish","hentry"],"acf":[],"publishpress_future_action":{"enabled":false,"date":"2026-05-24 03:09:49","action":"change-status","newStatus":"draft","terms":[],"taxonomy":"translation_priority","extraData":[]},"publishpress_future_workflow_manual_trigger":{"enabledWorkflows":[]},"_links":{"self":[{"href":"https:\/\/www.velonaut.be\/fr\/wp-json\/wp\/v2\/pages\/1431","targetHints":{"allow":["GET"]}}],"collection":[{"href":"https:\/\/www.velonaut.be\/fr\/wp-json\/wp\/v2\/pages"}],"about":[{"href":"https:\/\/www.velonaut.be\/fr\/wp-json\/wp\/v2\/types\/page"}],"author":[{"embeddable":true,"href":"https:\/\/www.velonaut.be\/fr\/wp-json\/wp\/v2\/users\/1"}],"replies":[{"embeddable":true,"href":"https:\/\/www.velonaut.be\/fr\/wp-json\/wp\/v2\/comments?post=1431"}],"version-history":[{"count":5,"href":"https:\/\/www.velonaut.be\/fr\/wp-json\/wp\/v2\/pages\/1431\/revisions"}],"predecessor-version":[{"id":4370,"href":"https:\/\/www.velonaut.be\/fr\/wp-json\/wp\/v2\/pages\/1431\/revisions\/4370"}],"up":[{"embeddable":true,"href":"https:\/\/www.velonaut.be\/fr\/wp-json\/wp\/v2\/pages\/1417"}],"wp:attachment":[{"href":"https:\/\/www.velonaut.be\/fr\/wp-json\/wp\/v2\/media?parent=1431"}],"curies":[{"name":"wp","href":"https:\/\/api.w.org\/{rel}","templated":true}]}}