{"id":2800,"date":"2023-04-23T14:49:06","date_gmt":"2023-04-23T12:49:06","guid":{"rendered":"https:\/\/www.velonaut.be\/product\/riese-muller-ubn-7\/"},"modified":"2024-03-07T14:18:00","modified_gmt":"2024-03-07T13:18:00","slug":"riese-muller-ubn-7","status":"publish","type":"product","link":"https:\/\/www.velonaut.be\/fr\/produit\/riese-muller-ubn-7\/","title":{"rendered":"Riese &#038; M\u00fcller E-bike &#8211; UBN 7"},"content":{"rendered":"<p>Marque: Riese &amp; M\u00fcller<br \/>\nMod\u00e8le: UBN 7<br \/>\nConfiguration: Single Speed<br \/>\nCouleur: Roze<br \/>\nTaille de cadre: 51cm<br \/>\nOptions: Cadens cadre<br \/>\n<a href=\"https:\/\/www.r-m.de\/fr-be\/bikes\/ubn-seven\/ubn-seven-singlespeed\/#F01220_030106290710\" rel=\"noopener\" target=\"_blank\">Configuration d\u00e9taill\u00e9e de ce v\u00e9lo<\/a><\/p>\n","protected":false},"excerpt":{"rendered":"<p>V\u00e9lo \u00e9lectrique dynamique et l\u00e9ger (19kg!), \u00e9quip\u00e9 du moteur central silencieux Fazua.<\/p>\n","protected":false},"featured_media":3106,"template":"","meta":{"_acf_changed":false,"_mi_skip_tracking":false},"product_brand":[],"product_cat":[42],"product_tag":[],"class_list":{"0":"post-2800","1":"product","2":"type-product","3":"status-publish","4":"has-post-thumbnail","6":"product_cat-velos-de-ville","8":"first","9":"instock","10":"shipping-taxable","11":"purchasable","12":"product-type-simple"},"acf":[],"publishpress_future_workflow_manual_trigger":{"enabledWorkflows":[]},"_links":{"self":[{"href":"https:\/\/www.velonaut.be\/fr\/wp-json\/wp\/v2\/product\/2800","targetHints":{"allow":["GET"]}}],"collection":[{"href":"https:\/\/www.velonaut.be\/fr\/wp-json\/wp\/v2\/product"}],"about":[{"href":"https:\/\/www.velonaut.be\/fr\/wp-json\/wp\/v2\/types\/product"}],"wp:featuredmedia":[{"embeddable":true,"href":"https:\/\/www.velonaut.be\/fr\/wp-json\/wp\/v2\/media\/3106"}],"wp:attachment":[{"href":"https:\/\/www.velonaut.be\/fr\/wp-json\/wp\/v2\/media?parent=2800"}],"wp:term":[{"taxonomy":"product_brand","embeddable":true,"href":"https:\/\/www.velonaut.be\/fr\/wp-json\/wp\/v2\/product_brand?post=2800"},{"taxonomy":"product_cat","embeddable":true,"href":"https:\/\/www.velonaut.be\/fr\/wp-json\/wp\/v2\/product_cat?post=2800"},{"taxonomy":"product_tag","embeddable":true,"href":"https:\/\/www.velonaut.be\/fr\/wp-json\/wp\/v2\/product_tag?post=2800"}],"curies":[{"name":"wp","href":"https:\/\/api.w.org\/{rel}","templated":true}]}}