{"id":3254,"date":"2023-05-15T20:44:49","date_gmt":"2023-05-15T18:44:49","guid":{"rendered":"https:\/\/www.velonaut.be\/?post_type=product&#038;p=3254"},"modified":"2023-05-16T12:33:51","modified_gmt":"2023-05-16T10:33:51","slug":"kokua-like-to-bike-16","status":"publish","type":"product","link":"https:\/\/www.velonaut.be\/fr\/produit\/kokua-like-to-bike-16\/","title":{"rendered":"Kokua &#8211; Like to Bike 16&Prime;"},"content":{"rendered":"<p>Marque: Kokua<br \/>\nMod\u00e8le: Like to Bike 16&Prime;<br \/>\nCouleur: ocean blue<br \/>\nConfiguration: 1 vitesse &#8211; freins V-brake avant &#038; arri\u00e8re<br \/>\nOptions: &#8211;<\/p>\n","protected":false},"excerpt":{"rendered":"<p>Excellent premier v\u00e9lo: cadre unisex, l\u00e9ger (7.9kg) et un \u00e9quipement de qualit\u00e9.<\/p>\n","protected":false},"featured_media":3233,"template":"","meta":{"_acf_changed":false,"_mi_skip_tracking":false},"product_brand":[],"product_cat":[79],"product_tag":[],"class_list":{"0":"post-3254","1":"product","2":"type-product","3":"status-publish","4":"has-post-thumbnail","6":"product_cat-velos-pour-enfants","8":"first","9":"instock","10":"shipping-taxable","11":"purchasable","12":"product-type-simple"},"acf":[],"publishpress_future_workflow_manual_trigger":{"enabledWorkflows":[]},"_links":{"self":[{"href":"https:\/\/www.velonaut.be\/fr\/wp-json\/wp\/v2\/product\/3254","targetHints":{"allow":["GET"]}}],"collection":[{"href":"https:\/\/www.velonaut.be\/fr\/wp-json\/wp\/v2\/product"}],"about":[{"href":"https:\/\/www.velonaut.be\/fr\/wp-json\/wp\/v2\/types\/product"}],"wp:featuredmedia":[{"embeddable":true,"href":"https:\/\/www.velonaut.be\/fr\/wp-json\/wp\/v2\/media\/3233"}],"wp:attachment":[{"href":"https:\/\/www.velonaut.be\/fr\/wp-json\/wp\/v2\/media?parent=3254"}],"wp:term":[{"taxonomy":"product_brand","embeddable":true,"href":"https:\/\/www.velonaut.be\/fr\/wp-json\/wp\/v2\/product_brand?post=3254"},{"taxonomy":"product_cat","embeddable":true,"href":"https:\/\/www.velonaut.be\/fr\/wp-json\/wp\/v2\/product_cat?post=3254"},{"taxonomy":"product_tag","embeddable":true,"href":"https:\/\/www.velonaut.be\/fr\/wp-json\/wp\/v2\/product_tag?post=3254"}],"curies":[{"name":"wp","href":"https:\/\/api.w.org\/{rel}","templated":true}]}}