{"id":4627,"date":"2025-09-01T10:30:22","date_gmt":"2025-09-01T08:30:22","guid":{"rendered":"https:\/\/www.velonaut.be\/?post_type=product&#038;p=4627"},"modified":"2025-11-29T14:31:56","modified_gmt":"2025-11-29T13:31:56","slug":"riesemuller-swing-varion-2eme-main","status":"publish","type":"product","link":"https:\/\/www.velonaut.be\/fr\/produit\/riesemuller-swing-varion-2eme-main\/","title":{"rendered":"Riese&#038;M\u00fcller Swing Varion 2\u00e8me main"},"content":{"rendered":"<p>Marque: Riese &#038; M\u00fcller<br \/>\nMod\u00e8le: Swing<br \/>\nConfiguration: Vario<br \/>\nTaille de cadre: 56cm<br \/>\nCouleur: Black<br \/>\nMoteur: Bosch Performance Line<br \/>\nBatterie: Bosch Powerpack 500Wh (porte-bagages)<br \/>\nVitesses: Enviolo<br \/>\nFreins: Magura HS22 &#8211; freins sur jante hydrauliques<br \/>\nAnn\u00e9e mod\u00e8le: 2020<br \/>\nDistance parcourue: 5690 km<\/p>\n<p>Etat: bien<br \/>\nEntretien annuel: Check<\/p>\n","protected":false},"excerpt":{"rendered":"<p>Un v\u00e9lo de ville \u00e9lectrique 2\u00e8me main en bon \u00e9tat. Un v\u00e9lo Riese&#038;M\u00fcller qui a peu roul\u00e9.<\/p>\n","protected":false},"featured_media":4625,"template":"","meta":{"_acf_changed":false,"_mi_skip_tracking":false},"product_brand":[],"product_cat":[39],"product_tag":[238,239,233,237],"class_list":{"0":"post-4627","1":"product","2":"type-product","3":"status-publish","4":"has-post-thumbnail","6":"product_cat-offres","7":"product_tag-e-bike-2eme-main","8":"product_tag-e-bike-deuxieme-main","9":"product_tag-velo-electrique-2eme-main","10":"product_tag-velo-electrique-deuxieme-main-2","12":"first","13":"instock","14":"sale","15":"shipping-taxable","16":"purchasable","17":"product-type-simple"},"acf":[],"publishpress_future_workflow_manual_trigger":{"enabledWorkflows":[]},"_links":{"self":[{"href":"https:\/\/www.velonaut.be\/fr\/wp-json\/wp\/v2\/product\/4627","targetHints":{"allow":["GET"]}}],"collection":[{"href":"https:\/\/www.velonaut.be\/fr\/wp-json\/wp\/v2\/product"}],"about":[{"href":"https:\/\/www.velonaut.be\/fr\/wp-json\/wp\/v2\/types\/product"}],"wp:featuredmedia":[{"embeddable":true,"href":"https:\/\/www.velonaut.be\/fr\/wp-json\/wp\/v2\/media\/4625"}],"wp:attachment":[{"href":"https:\/\/www.velonaut.be\/fr\/wp-json\/wp\/v2\/media?parent=4627"}],"wp:term":[{"taxonomy":"product_brand","embeddable":true,"href":"https:\/\/www.velonaut.be\/fr\/wp-json\/wp\/v2\/product_brand?post=4627"},{"taxonomy":"product_cat","embeddable":true,"href":"https:\/\/www.velonaut.be\/fr\/wp-json\/wp\/v2\/product_cat?post=4627"},{"taxonomy":"product_tag","embeddable":true,"href":"https:\/\/www.velonaut.be\/fr\/wp-json\/wp\/v2\/product_tag?post=4627"}],"curies":[{"name":"wp","href":"https:\/\/api.w.org\/{rel}","templated":true}]}}