{"id":4758,"date":"2025-12-17T11:28:22","date_gmt":"2025-12-17T10:28:22","guid":{"rendered":"https:\/\/www.velonaut.be\/?post_type=product&#038;p=4758"},"modified":"2025-12-17T11:52:29","modified_gmt":"2025-12-17T10:52:29","slug":"patria-trondheim","status":"publish","type":"product","link":"https:\/\/www.velonaut.be\/fr\/produit\/patria-trondheim\/","title":{"rendered":"Patria: Trondheim"},"content":{"rendered":"<p>Marque: Patria<br \/>\nMod\u00e8le: Trondheim<br \/>\nTaille: Mixed &#8211; 53cm<br \/>\nCadre: Acier CrMo<br \/>\nCouleur: Burgund Lasur<br \/>\nVitesses: Shimano Alfine 8speed (moyeu)<br \/>\nFreins: Shimano V-brake<br \/>\n\u00c9clairage: Shimano dynamo + B&#038;M Led <\/p>\n","protected":false},"excerpt":{"rendered":"<p>V\u00e9lo l\u00e9ger avec une finition de qualit\u00e9. Pour un usage urbain et des excursions d&rsquo;une journ\u00e9e.<\/p>\n","protected":false},"featured_media":4756,"template":"","meta":{"_acf_changed":false,"_mi_skip_tracking":false},"product_brand":[251],"product_cat":[64,42],"product_tag":[248,250,249],"class_list":{"0":"post-4758","1":"product","2":"type-product","3":"status-publish","4":"has-post-thumbnail","6":"product_brand-patria","7":"product_cat-velos-de-randonnee","8":"product_cat-velos-de-ville","9":"product_tag-patria","10":"product_tag-velo-de-randonnee","11":"product_tag-velo-de-ville","13":"first","14":"instock","15":"shipping-taxable","16":"purchasable","17":"product-type-simple"},"acf":[],"publishpress_future_workflow_manual_trigger":{"enabledWorkflows":[]},"_links":{"self":[{"href":"https:\/\/www.velonaut.be\/fr\/wp-json\/wp\/v2\/product\/4758","targetHints":{"allow":["GET"]}}],"collection":[{"href":"https:\/\/www.velonaut.be\/fr\/wp-json\/wp\/v2\/product"}],"about":[{"href":"https:\/\/www.velonaut.be\/fr\/wp-json\/wp\/v2\/types\/product"}],"wp:featuredmedia":[{"embeddable":true,"href":"https:\/\/www.velonaut.be\/fr\/wp-json\/wp\/v2\/media\/4756"}],"wp:attachment":[{"href":"https:\/\/www.velonaut.be\/fr\/wp-json\/wp\/v2\/media?parent=4758"}],"wp:term":[{"taxonomy":"product_brand","embeddable":true,"href":"https:\/\/www.velonaut.be\/fr\/wp-json\/wp\/v2\/product_brand?post=4758"},{"taxonomy":"product_cat","embeddable":true,"href":"https:\/\/www.velonaut.be\/fr\/wp-json\/wp\/v2\/product_cat?post=4758"},{"taxonomy":"product_tag","embeddable":true,"href":"https:\/\/www.velonaut.be\/fr\/wp-json\/wp\/v2\/product_tag?post=4758"}],"curies":[{"name":"wp","href":"https:\/\/api.w.org\/{rel}","templated":true}]}}