{"id":4764,"date":"2025-12-17T13:14:11","date_gmt":"2025-12-17T12:14:11","guid":{"rendered":"https:\/\/www.velonaut.be\/?post_type=product&#038;p=4764"},"modified":"2025-12-17T13:16:22","modified_gmt":"2025-12-17T12:16:22","slug":"patria-ranger","status":"publish","type":"product","link":"https:\/\/www.velonaut.be\/fr\/produit\/patria-ranger\/","title":{"rendered":"Patria: Ranger"},"content":{"rendered":"<p>Marque: Patria<br \/>\nMod\u00e8le: Ranger 28<br \/>\nTaille: Homme \u2013 54cm<br \/>\nCadre: Acier<br \/>\nCouleur: Racing Green<br \/>\nVitesses: Shimano Alfine 8speed (moyeu)<br \/>\nFreins: Shimano V-brake<br \/>\n\u00c9clairage: Shimano dynamo + B&#038;M Leds <\/p>\n","protected":false},"excerpt":{"rendered":"<p>Un v\u00e9lo de randonn\u00e9e bien \u00e9quip\u00e9 et solide.<\/p>\n","protected":false},"featured_media":4762,"template":"","meta":{"_acf_changed":false,"_mi_skip_tracking":false},"product_brand":[251],"product_cat":[64,42],"product_tag":[248,257,249,258],"class_list":{"0":"post-4764","1":"product","2":"type-product","3":"status-publish","4":"has-post-thumbnail","6":"product_brand-patria","7":"product_cat-velos-de-randonnee","8":"product_cat-velos-de-ville","9":"product_tag-patria","10":"product_tag-velo-de-randonnee-2","11":"product_tag-velo-de-ville","12":"product_tag-velo-trekking","14":"first","15":"instock","16":"shipping-taxable","17":"purchasable","18":"product-type-simple"},"acf":[],"publishpress_future_workflow_manual_trigger":{"enabledWorkflows":[]},"_links":{"self":[{"href":"https:\/\/www.velonaut.be\/fr\/wp-json\/wp\/v2\/product\/4764","targetHints":{"allow":["GET"]}}],"collection":[{"href":"https:\/\/www.velonaut.be\/fr\/wp-json\/wp\/v2\/product"}],"about":[{"href":"https:\/\/www.velonaut.be\/fr\/wp-json\/wp\/v2\/types\/product"}],"wp:featuredmedia":[{"embeddable":true,"href":"https:\/\/www.velonaut.be\/fr\/wp-json\/wp\/v2\/media\/4762"}],"wp:attachment":[{"href":"https:\/\/www.velonaut.be\/fr\/wp-json\/wp\/v2\/media?parent=4764"}],"wp:term":[{"taxonomy":"product_brand","embeddable":true,"href":"https:\/\/www.velonaut.be\/fr\/wp-json\/wp\/v2\/product_brand?post=4764"},{"taxonomy":"product_cat","embeddable":true,"href":"https:\/\/www.velonaut.be\/fr\/wp-json\/wp\/v2\/product_cat?post=4764"},{"taxonomy":"product_tag","embeddable":true,"href":"https:\/\/www.velonaut.be\/fr\/wp-json\/wp\/v2\/product_tag?post=4764"}],"curies":[{"name":"wp","href":"https:\/\/api.w.org\/{rel}","templated":true}]}}