{"id":4770,"date":"2025-12-17T13:34:58","date_gmt":"2025-12-17T12:34:58","guid":{"rendered":"https:\/\/www.velonaut.be\/?post_type=product&#038;p=4770"},"modified":"2025-12-17T13:38:17","modified_gmt":"2025-12-17T12:38:17","slug":"campus-tr-light","status":"publish","type":"product","link":"https:\/\/www.velonaut.be\/fr\/produit\/campus-tr-light\/","title":{"rendered":"Campus: TR Light"},"content":{"rendered":"<p>Marque: Campus<br \/>\nMod\u00e8le: TR Light<br \/>\nTaille: Mixed \u2013 45cm<br \/>\nCadre: Aluminium<br \/>\nCouleur: Moosgrau<br \/>\nVitesses: Shimano Cues 2&#215;9 (derailleur)<br \/>\nFreins: Shimano V-brake<br \/>\n\u00c9clairage: Shimano dynamo + B&#038;M Leds <\/p>\n","protected":false},"excerpt":{"rendered":"<p>V\u00e9lo l\u00e9ger id\u00e9al pour un usage urbain et les sorties.<\/p>\n","protected":false},"featured_media":4768,"template":"","meta":{"_acf_changed":false,"_mi_skip_tracking":false},"product_brand":[259],"product_cat":[64,42],"product_tag":[264,265,249,258],"class_list":{"0":"post-4770","1":"product","2":"type-product","3":"status-publish","4":"has-post-thumbnail","6":"product_brand-campus","7":"product_cat-velos-de-randonnee","8":"product_cat-velos-de-ville","9":"product_tag-campus","10":"product_tag-velo-de-randonnee-3","11":"product_tag-velo-de-ville","12":"product_tag-velo-trekking","14":"first","15":"instock","16":"shipping-taxable","17":"purchasable","18":"product-type-simple"},"acf":[],"publishpress_future_workflow_manual_trigger":{"enabledWorkflows":[]},"_links":{"self":[{"href":"https:\/\/www.velonaut.be\/fr\/wp-json\/wp\/v2\/product\/4770","targetHints":{"allow":["GET"]}}],"collection":[{"href":"https:\/\/www.velonaut.be\/fr\/wp-json\/wp\/v2\/product"}],"about":[{"href":"https:\/\/www.velonaut.be\/fr\/wp-json\/wp\/v2\/types\/product"}],"wp:featuredmedia":[{"embeddable":true,"href":"https:\/\/www.velonaut.be\/fr\/wp-json\/wp\/v2\/media\/4768"}],"wp:attachment":[{"href":"https:\/\/www.velonaut.be\/fr\/wp-json\/wp\/v2\/media?parent=4770"}],"wp:term":[{"taxonomy":"product_brand","embeddable":true,"href":"https:\/\/www.velonaut.be\/fr\/wp-json\/wp\/v2\/product_brand?post=4770"},{"taxonomy":"product_cat","embeddable":true,"href":"https:\/\/www.velonaut.be\/fr\/wp-json\/wp\/v2\/product_cat?post=4770"},{"taxonomy":"product_tag","embeddable":true,"href":"https:\/\/www.velonaut.be\/fr\/wp-json\/wp\/v2\/product_tag?post=4770"}],"curies":[{"name":"wp","href":"https:\/\/api.w.org\/{rel}","templated":true}]}}